{"id":67,"date":"2018-06-22T12:00:49","date_gmt":"2018-06-22T10:00:49","guid":{"rendered":"http:\/\/new.liveband-skyline.de\/?page_id=67"},"modified":"2018-06-28T14:02:15","modified_gmt":"2018-06-28T12:02:15","slug":"liveband-skyline-referenzen","status":"publish","type":"page","link":"https:\/\/www.liveband-skyline.de\/index.php\/liveband-skyline-referenzen\/","title":{"rendered":"Liveband Skyline Referenzen"},"content":{"rendered":"<div id='full_slider_1'  class='avia-fullwidth-slider main_color avia-shadow   avia-builder-el-0  el_before_av_heading  avia-builder-el-first   container_wrap sidebar_right'  ><div  class='avia-slideshow av-av_slideshow_full-ca9aa842821e3a17b01b4e99e5d40465 avia-slideshow-no scaling av_slideshow_full avia-slide-slider av-slideshow-ui av-control-default av-slideshow-manual av-loop-once av-loop-manual-endless av-default-height-applied   avia-slideshow-1' data-slideshow-options=\"{&quot;animation&quot;:&quot;slide&quot;,&quot;autoplay&quot;:false,&quot;loop_autoplay&quot;:&quot;once&quot;,&quot;interval&quot;:5,&quot;loop_manual&quot;:&quot;manual-endless&quot;,&quot;autoplay_stopper&quot;:false,&quot;noNavigation&quot;:false,&quot;bg_slider&quot;:false,&quot;keep_padding&quot;:false,&quot;hoverpause&quot;:false,&quot;show_slide_delay&quot;:0}\"  itemprop=\"image\" itemscope=\"itemscope\" itemtype=\"https:\/\/schema.org\/ImageObject\" ><ul class='avia-slideshow-inner ' style='padding-bottom: 30.46875%;'><li  class='avia-slideshow-slide av-av_slideshow_full-ca9aa842821e3a17b01b4e99e5d40465__0  av-single-slide slide-1 slide-odd'><div data-rel='slideshow-1' class='avia-slide-wrap '   ><img decoding=\"async\" class=\"wp-image-68 avia-img-lazy-loading-not-68\"  src=\"https:\/\/www.liveband-skyline.de\/wp-content\/uploads\/skyline-referenzen.jpg\" width=\"1920\" height=\"585\" title='skyline-referenzen' alt=''  itemprop=\"thumbnailUrl\" srcset=\"https:\/\/www.liveband-skyline.de\/wp-content\/uploads\/skyline-referenzen.jpg 1920w, https:\/\/www.liveband-skyline.de\/wp-content\/uploads\/skyline-referenzen-300x91.jpg 300w, https:\/\/www.liveband-skyline.de\/wp-content\/uploads\/skyline-referenzen-768x234.jpg 768w, https:\/\/www.liveband-skyline.de\/wp-content\/uploads\/skyline-referenzen-1030x314.jpg 1030w, https:\/\/www.liveband-skyline.de\/wp-content\/uploads\/skyline-referenzen-1500x457.jpg 1500w, https:\/\/www.liveband-skyline.de\/wp-content\/uploads\/skyline-referenzen-705x215.jpg 705w, https:\/\/www.liveband-skyline.de\/wp-content\/uploads\/skyline-referenzen-450x137.jpg 450w\" sizes=\"(max-width: 1920px) 100vw, 1920px\" \/><\/div><\/li><\/ul><\/div><\/div><div id='after_full_slider_1'  class='main_color av_default_container_wrap container_wrap sidebar_right'  ><div class='container av-section-cont-open' ><div class='template-page content  av-content-small alpha units'><div class='post-entry post-entry-type-page post-entry-67'><div class='entry-content-wrapper clearfix'>\n\n<style type=\"text\/css\" data-created_by=\"avia_inline_auto\" id=\"style-css-av-av_heading-77f9b165a44e90a737ac3de05d44ead0\">\n#top .av-special-heading.av-av_heading-77f9b165a44e90a737ac3de05d44ead0{\npadding-bottom:10px;\n}\nbody .av-special-heading.av-av_heading-77f9b165a44e90a737ac3de05d44ead0 .av-special-heading-tag .heading-char{\nfont-size:25px;\n}\n.av-special-heading.av-av_heading-77f9b165a44e90a737ac3de05d44ead0 .av-subheading{\nfont-size:15px;\n}\n<\/style>\n<div  class='av-special-heading av-av_heading-77f9b165a44e90a737ac3de05d44ead0 av-special-heading-h1 blockquote modern-quote modern-centered  avia-builder-el-1  el_after_av_slideshow_full  el_before_av_hr  avia-builder-el-first '><h1 class='av-special-heading-tag'  itemprop=\"headline\"  >Unsere Referenzen<\/h1><div class=\"special-heading-border\"><div class=\"special-heading-inner-border\"><\/div><\/div><\/div>\n\n<style type=\"text\/css\" data-created_by=\"avia_inline_auto\" id=\"style-css-av-av_hr-4167c0840d92415b07b401a892535f87\">\n#top .hr.av-av_hr-4167c0840d92415b07b401a892535f87{\nmargin-top:30px;\nmargin-bottom:30px;\n}\n.hr.av-av_hr-4167c0840d92415b07b401a892535f87 .hr-inner{\nwidth:150px;\nborder-color:#000000;\nmax-width:45%;\n}\n.hr.av-av_hr-4167c0840d92415b07b401a892535f87 .av-seperator-icon{\ncolor:#e23636;\n}\n<\/style>\n<div  class='hr av-av_hr-4167c0840d92415b07b401a892535f87 hr-custom  avia-builder-el-2  el_after_av_heading  el_before_av_textblock  hr-center hr-icon-yes'><span class='hr-inner inner-border-av-border-fat'><span class=\"hr-inner-style\"><\/span><\/span><span class='av-seperator-icon' aria-hidden='true' data-av_icon='\ue808' data-av_iconfont='entypo-fontello'><\/span><span class='hr-inner inner-border-av-border-fat'><span class=\"hr-inner-style\"><\/span><\/span><\/div>\n\n<style type=\"text\/css\" data-created_by=\"avia_inline_auto\" id=\"style-css-av-av_textblock-feab96d2ca212fe2c5845c2515871f31\">\n#top .av_textblock_section.av-av_textblock-feab96d2ca212fe2c5845c2515871f31 .avia_textblock{\nfont-size:20px;\n}\n<\/style>\n<section  class='av_textblock_section av-av_textblock-feab96d2ca212fe2c5845c2515871f31'  itemscope=\"itemscope\" itemtype=\"https:\/\/schema.org\/CreativeWork\" ><div class='avia_textblock'  itemprop=\"text\" ><p style=\"text-align: center;\">Unm\u00f6glich sich an alle Orte und Veranstaltungen an denen wir gespielt haben zu erinnern. In den mittlerweile 26 Jahren m\u00fcssen das gut und gerne 5.000 Gigs gewesen sein. Deshalb hier nur einige Orte, Events und ber\u00fchmte Kollegen, die uns besonders in Erinnerung geblieben sind:<\/p>\n<\/div><\/section>\n\n<style type=\"text\/css\" data-created_by=\"avia_inline_auto\" id=\"style-css-av-av_one_half-15d750bd1b332b34c6e70b077ebbccdf\">\n.flex_column.av-av_one_half-15d750bd1b332b34c6e70b077ebbccdf{\n-webkit-border-radius:0px 0px 0px 0px;\n-moz-border-radius:0px 0px 0px 0px;\nborder-radius:0px 0px 0px 0px;\npadding:0px 0px 0px 0px;\n}\n<\/style>\n<div class='flex_column av-av_one_half-15d750bd1b332b34c6e70b077ebbccdf av_one_half  avia-builder-el-4  el_after_av_textblock  el_before_av_one_half  first flex_column_div av-zero-column-padding column-top-margin'     ><section  class='av_textblock_section av-av_textblock-2de302bf1aa3cf4c9157dbe6f50ac7eb'  itemscope=\"itemscope\" itemtype=\"https:\/\/schema.org\/CreativeWork\" ><div class='avia_textblock'  itemprop=\"text\" ><ul>\n<li>MV Tag Neustrelitz \/ G\u00fcstrow<\/li>\n<li>Hansesail Rostock<\/li>\n<li>Internationales Konzernfest Akerwerften \u2013 Ostseemessehalle Rostock<\/li>\n<li>Betriebsfeier Uni \u2013 Klinik Rostock \u2013 Stadthalle Rostock<\/li>\n<li>Sportfest BARMER \u2013 DEUTSCHLAND \u2013 Stadthalle Rostock<\/li>\n<li>Sportfest der Finanzamtsbezirke \u2013 Deutschland<\/li>\n<li>AirPort \u2013 Geburtstag \u2013 Rostock \u2013 Laage<\/li>\n<li>Chapter Sommerfest \u201e Stormbringer\u201c<\/li>\n<li>Warnem\u00fcnder Woche<\/li>\n<li>Drachenfest Insel Foehr<\/li>\n<li>Sail Stralsund \/ Wismar<\/li>\n<li>Hafengeburtstag Hamburg<\/li>\n<li>Bierb\u00f6rse K\u00f6ln \/ Leverkusen<\/li>\n<li>M\u00fchlenfest Woldegk<\/li>\n<li>Haff &#8211; Tage Ueckerm\u00fcnde<\/li>\n<\/ul>\n<\/div><\/section><\/div>\n<style type=\"text\/css\" data-created_by=\"avia_inline_auto\" id=\"style-css-av-av_one_half-c8fc129dc35fd1ae2a1e410224d39ea8\">\n.flex_column.av-av_one_half-c8fc129dc35fd1ae2a1e410224d39ea8{\n-webkit-border-radius:0px 0px 0px 0px;\n-moz-border-radius:0px 0px 0px 0px;\nborder-radius:0px 0px 0px 0px;\npadding:0px 0px 0px 0px;\n}\n<\/style>\n<div class='flex_column av-av_one_half-c8fc129dc35fd1ae2a1e410224d39ea8 av_one_half  avia-builder-el-6  el_after_av_one_half  el_before_av_section  avia-builder-el-last  flex_column_div av-zero-column-padding column-top-margin'     ><section  class='av_textblock_section av-av_textblock-2de302bf1aa3cf4c9157dbe6f50ac7eb'  itemscope=\"itemscope\" itemtype=\"https:\/\/schema.org\/CreativeWork\" ><div class='avia_textblock'  itemprop=\"text\" ><ul>\n<li>Hafenfest Greifswald<\/li>\n<li>Bundes Gartenschau &#8211; Magdeburg<\/li>\n<li>Seebr\u00fcckenfeste R\u00fcgen \u2013 Binz<\/li>\n<li>Seebr\u00fcckenfest Usedom \u2013 Ahlbeck<\/li>\n<li>Seebr\u00fcckenfest Graal \u2013 M\u00fcritz<\/li>\n<li>Stadtfeste \u2013 Grevesm\u00fchlen \/ Sassnitz \/ Pritzwalk \/ Schwerin \/ Neubrandenburg \/ Frankfurt .O. u.v.m.<\/li>\n<li>Dorffeste: Loosen, Boienstorf, Demmin, Laage u.v.m.<\/li>\n<li>Rostocker Oktoberfest<\/li>\n<li>Events f\u00fcr Firmen: Netto, Sky, Allkauf, Esso, Toyota, Mercedes; BMW, u.v.m<\/li>\n<li>Events mit Radiosendern: Antenne MV; NDR, Ostseewelle<\/li>\n<li>Ostseewelle Hitradio Mecklenburg-Vorpommern Partyband<\/li>\n<li>Gala Landessportverband MV<\/li>\n<li>Hochzeiten\u2026.. hab ich vergessen. Sorry Nermina! Dich nat\u00fcrlich nicht.<\/li>\n<\/ul>\n<\/div><\/section><\/div><\/p>\n<\/div><\/div><\/div><!-- close content main div --><\/div><\/div>\n<style type=\"text\/css\" data-created_by=\"avia_inline_auto\" id=\"style-css-av-av_section-47cfabc211ffdd670af11a4dd4e6f6c2\">\n.avia-section.av-av_section-47cfabc211ffdd670af11a4dd4e6f6c2 .av-parallax .av-parallax-inner{\nbackground-repeat:no-repeat;\nbackground-image:url(https:\/\/www.liveband-skyline.de\/wp-content\/uploads\/Hafenfest-SN-2016-7-Skyline-1.jpg);\nbackground-position:50% 50%;\nbackground-attachment:scroll;\n}\n<\/style>\n<div id='av_section_1'  class='avia-section av-av_section-47cfabc211ffdd670af11a4dd4e6f6c2 main_color avia-section-default avia-no-border-styling  avia-builder-el-8  el_after_av_one_half  avia-builder-el-last  av-parallax-section avia-bg-style-parallax av-minimum-height av-minimum-height-custom  container_wrap sidebar_right'  data-section-bg-repeat='no-repeat' data-av_minimum_height_px='800'><div class='av-parallax' data-avia-parallax-ratio='0.3' ><div class='av-parallax-inner main_color avia-full-stretch'><\/div><\/div><div class='container av-section-cont-open' style='height:800px'><div class='template-page content  av-content-small alpha units'><div class='post-entry post-entry-type-page post-entry-67'><div class='entry-content-wrapper clearfix'>\n\n<style type=\"text\/css\" data-created_by=\"avia_inline_auto\" id=\"style-css-av-av_three_fifth-15d750bd1b332b34c6e70b077ebbccdf\">\n.flex_column.av-av_three_fifth-15d750bd1b332b34c6e70b077ebbccdf{\n-webkit-border-radius:0px 0px 0px 0px;\n-moz-border-radius:0px 0px 0px 0px;\nborder-radius:0px 0px 0px 0px;\npadding:0px 0px 0px 0px;\n}\n<\/style>\n<div class='flex_column av-av_three_fifth-15d750bd1b332b34c6e70b077ebbccdf av_three_fifth  avia-builder-el-9  el_before_av_two_fifth  avia-builder-el-first  first flex_column_div av-zero-column-padding '     ><\/div>\n<style type=\"text\/css\" data-created_by=\"avia_inline_auto\" id=\"style-css-av-av_two_fifth-c8fc129dc35fd1ae2a1e410224d39ea8\">\n.flex_column.av-av_two_fifth-c8fc129dc35fd1ae2a1e410224d39ea8{\n-webkit-border-radius:0px 0px 0px 0px;\n-moz-border-radius:0px 0px 0px 0px;\nborder-radius:0px 0px 0px 0px;\npadding:0px 0px 0px 0px;\n}\n<\/style>\n<div class='flex_column av-av_two_fifth-c8fc129dc35fd1ae2a1e410224d39ea8 av_two_fifth  avia-builder-el-10  el_after_av_three_fifth  avia-builder-el-last  flex_column_div av-zero-column-padding '     ><style type=\"text\/css\" data-created_by=\"avia_inline_auto\" id=\"style-css-av-av_textblock-dd2387397296c1a314b0b5f4a3f918a3\">\n#top .av_textblock_section.av-av_textblock-dd2387397296c1a314b0b5f4a3f918a3 .avia_textblock{\ncolor:#ffffff;\n}\n<\/style>\n<section  class='av_textblock_section av-av_textblock-dd2387397296c1a314b0b5f4a3f918a3'  itemscope=\"itemscope\" itemtype=\"https:\/\/schema.org\/CreativeWork\" ><div class='avia_textblock av_inherit_color'  itemprop=\"text\" ><h2><span style=\"color: #ffffff;\"><strong>CO \u2013 Events mit:<\/strong><\/span><\/h2>\n<ul>\n<li>Blue Lagoon<\/li>\n<li>Mr. President<\/li>\n<li>Hot Chocolate<\/li>\n<li>J\u00fcrgen Drews<\/li>\n<li>Travi Deutscher<\/li>\n<li>Bernhardt Brink<\/li>\n<li>Nicole<\/li>\n<li>Andrea Berg<\/li>\n<li>Rattles<\/li>\n<li>Chris Norman<\/li>\n<li>Truck Stop<\/li>\n<\/ul>\n<\/div><\/section><\/div>\n<\/div><\/div><\/div><!-- close content main div --><\/div><\/div><div id='after_section_1'  class='main_color av_default_container_wrap container_wrap sidebar_right'  ><div class='container av-section-cont-open' ><div class='template-page content  av-content-small alpha units'><div class='post-entry post-entry-type-page post-entry-67'><div class='entry-content-wrapper clearfix'>\n","protected":false},"excerpt":{"rendered":"","protected":false},"author":1,"featured_media":0,"parent":0,"menu_order":0,"comment_status":"closed","ping_status":"closed","template":"","meta":{"footnotes":""},"_links":{"self":[{"href":"https:\/\/www.liveband-skyline.de\/index.php\/wp-json\/wp\/v2\/pages\/67"}],"collection":[{"href":"https:\/\/www.liveband-skyline.de\/index.php\/wp-json\/wp\/v2\/pages"}],"about":[{"href":"https:\/\/www.liveband-skyline.de\/index.php\/wp-json\/wp\/v2\/types\/page"}],"author":[{"embeddable":true,"href":"https:\/\/www.liveband-skyline.de\/index.php\/wp-json\/wp\/v2\/users\/1"}],"replies":[{"embeddable":true,"href":"https:\/\/www.liveband-skyline.de\/index.php\/wp-json\/wp\/v2\/comments?post=67"}],"version-history":[{"count":5,"href":"https:\/\/www.liveband-skyline.de\/index.php\/wp-json\/wp\/v2\/pages\/67\/revisions"}],"predecessor-version":[{"id":180,"href":"https:\/\/www.liveband-skyline.de\/index.php\/wp-json\/wp\/v2\/pages\/67\/revisions\/180"}],"wp:attachment":[{"href":"https:\/\/www.liveband-skyline.de\/index.php\/wp-json\/wp\/v2\/media?parent=67"}],"curies":[{"name":"wp","href":"https:\/\/api.w.org\/{rel}","templated":true}]}}